{"id":317,"date":"2020-04-24T15:44:13","date_gmt":"2020-04-24T15:44:13","guid":{"rendered":"http:\/\/www.tommasoprugnola.it\/?page_id=317"},"modified":"2020-04-24T15:45:46","modified_gmt":"2020-04-24T15:45:46","slug":"privacy","status":"publish","type":"page","link":"http:\/\/www.tommasoprugnola.it\/?page_id=317","title":{"rendered":"PRIVACY"},"content":{"rendered":"<div class=\"container\">\n<div class=\"column-content\">\n<div class=\"column-content-inner bg-content\">\n<h2>COSA SONO I COOKIE<\/h2>\n<p>Un \u201ccookie\u201d \u00e8 un piccolo file di testo creato sul computer dell\u2019utente al momento in cui questo accede ad un determinato sito, con lo scopo di immagazzinare e trasportare informazioni. I cookie sono inviati da un server web (che \u00e8 il computer sul quale \u00e8 in esecuzione il sito web visitato) al browser dell\u2019utente (Internet Explorer, Mozilla Firefox, Google Chrome, ecc.) e memorizzati sul computer di quest\u2019ultimo; vengono, quindi, re-inviati al sito web al momento delle visite successive.<\/p>\n<p>Nel corso della navigazione l\u2019utente potrebbe ricevere sul suo terminale anche cookie di siti diversi (cookies di \u201cterze parti\u201d), impostati direttamente da gestori di detti siti web e utilizzati per le finalit\u00e0 e secondo le modalit\u00e0 da questi definiti.<\/p>\n<h2>TIPOLOGIE DI COOKIE<\/h2>\n<p><strong>Questo sito fa uso di 2 tipologie di cookie:<\/strong><\/p>\n<h2>COOKIE TECNICI ESSENZIALI<\/h2>\n<p>Sono necessari al corretto funzionamento del sito. Consentono la navigazione delle pagine, la memorizzazione delle credenziali d\u2019accesso di un utente (per mantenerle attive durante la navigazione). Senza questi cookie non potrebbero essere erogati i servizi per cui gli utenti accedono al sito.<\/p>\n<h2>COOKIE DI TERZE PARTI<\/h2>\n<p>Attraverso questo sito sono installati alcuni cookie di terze parti, anche profilanti, che si attivano cliccando \u201cok\u201d sul banner.<\/p>\n<p>Si tratta di cookie relativi a:<\/p>\n<h2>NONITORAGGIO DELLE VISITE AL SITO<\/h2>\n<p>viene utilizzato lo strumento Google Analytics per raccogliere dati sulla navigazione del sito da parte degli utenti. Si tratta di informazioni utili per verificare cosa funziona e cosa invece va migliorato. Consentono ad esempio di sapere quali sono le pagine pi\u00f9 visitate, quanto tempo dura in media una visita al sito, etc.<\/p>\n<p>Le informazioni raccolte in questo modo sono tutte rigorosamente in forma aggregata e anonima, non riconducibili a singoli individui.I Dati generati da Google Analytics sono conservati da Google con le modali\u00e0 specificate nella seguente informativa:\u00a0<a href=\"https:\/\/developers.google.com\/analytics\/devguides\/collection\/analyticsjs\/cookie-usage\">https:\/\/developers.google.com\/analytics\/devguides\/collection\/analyticsjs\/cookie-usage<\/a><\/p>\n<p>Per consultare l\u2019informativa privacy della societ\u00e0 Google Inc., titolare autonomo del trattamento dei dati relativi al servizio Google Analytics, \u00e8 possibile visitare\u00a0<a href=\"http:\/\/www.google.com\/intl\/en\/analytics\/privacyoverview.html\">http:\/\/www.google.com\/intl\/en\/analytics\/privacyoverview.html<\/a><\/p>\n<p>Google mette a disposizione un componente aggiuntivo per il browser che consente di disattivare Google Analytics, reperibile online all\u2019indirizzo<a href=\"https:\/\/tools.google.com\/dlpage\/gaoptout?hl=it\">https:\/\/tools.google.com\/dlpage\/gaoptout?hl=it<\/a><\/p>\n<h2>INTERAZIONE CON I SOCIAL NETWORK:<\/h2>\n<p>si tratta di strumenti di terze parti che espongono modalit\u00e0 di interazione con i social network. Ad esempio i sistemi di condivisione di un contenuto su Facebook e Twitter: i cookie in questo casi sono necessari per il funzionamento del meccanismo di condivisione.<\/p>\n<p>Di seguito si elencano i collegamenti alle cookie policy dei principali Social Network<\/p>\n<ul>\n<li><a href=\"https:\/\/support.twitter.com\/articles\/20170519-uso-dei-cookie-e-di-altre-tecnologie-simili-da-parte-di-twitter#\">Twitter<\/a><\/li>\n<li><a href=\"https:\/\/www.facebook.com\/help\/cookies\">Facebook<\/a><\/li>\n<li><a href=\"https:\/\/www.linkedin.com\/legal\/cookie_policy\">Linkedin<\/a><\/li>\n<li><a href=\"http:\/\/www.google.com\/intl\/it\/policies\/technologies\/cookies\/\">Google (Google+, Youtube)<\/a><\/li>\n<\/ul>\n<h2>MODALIT\u00c0 DEL TRATTAMENTO<\/h2>\n<p>Il trattamento viene effettuato con strumenti automatizzati dal Titolare. Non viene effettuata alcuna diffusione o comunicazione.<\/p>\n<h2>CONFERIMENTO DEI DATI<\/h2>\n<p>Fatta eccezione per i cookie tecnici strettamente necessari alla normale navigazione, il conferimento dei dati \u00e8 rimesso alla volont\u00e0 dell\u2019interessato che decida di navigare sul sito dopo aver preso visione dell\u2019informativa breve contenuta nell\u2019apposito banner e di usufruire dei servizi che comportano l\u2019installazione di cookie (cos\u00ec per la condivisione dei contenuti sui Social Network).<\/p>\n<h2>DISABILITAZIONE DEI COOKIE<\/h2>\n<p>Fermo restando quanto sopra indicato in ordine ai cookie strettamente necessari alla navigazione, l\u2019utente pu\u00f2 eliminare gli altri cookie attraverso la funzionalit\u00e0 a tal fine messa a disposizione dal Titolare tramite la presente informativa oppure direttamente tramite il proprio browser.<\/p>\n<p>Ciascun browser presenta procedure diverse per la gestione delle impostazioni. L\u2019utente pu\u00f2 ottenere istruzioni specifiche attraverso i seguenti link:<\/p>\n<ul>\n<li><a href=\"https:\/\/support.google.com\/chrome\/answer\/95647?hl=it&amp;p=cpn_cookies\">Google Chrome<\/a><\/li>\n<li><a href=\"https:\/\/support.mozilla.org\/it\/kb\/Attivare%20e%20disattivare%20i%20cookie?redirectlocale=en-US&amp;redirectslug=Enabling+and+disabling+cookies\">Mozilla Firefox<\/a><\/li>\n<li><a href=\"http:\/\/windows.microsoft.com\/it-it\/windows7\/block-enable-or-allow-cookies\">Microsoft Windows Explorer<\/a><\/li>\n<li><a href=\"https:\/\/support.apple.com\/kb\/PH17191?viewlocale=it_IT&amp;locale=it_IT\">Apple Safari<\/a><\/li>\n<\/ul>\n<p>La disattivazione dei cookie di terze parti \u00e8 inoltre possibile attraverso le modalit\u00e0 rese disponibili direttamente dalla societ\u00e0 terza, come indicato ai link riportati nel paragrafo \u201ccookie di terze parti\u201d<\/p>\n<p>Per avere informazioni sui cookie archiviati sul proprio terminale e disattivarli singolarmente si rinvia al link:\u00a0<a href=\"http:\/\/www.youronlinechoices.com\/it\/le-tue-scelte\">http:\/\/www.youronlinechoices.com\/it\/le-tue-scelte<\/a><\/p>\n<h2>DIRITTI DELL\u2019INTERESSATO<\/h2>\n<p>Gli interessati hanno diritto di chiedere al Titolare del trattamento l\u2019accesso ai dati personali, la rettifica o la cancellazione degli stessi o la limitazione del trattamento che li riguarda o di opporsi al trattamento (art. 15 e ss. Regolamento UE 2016\/679). L\u2019istanza \u00e8 presentata contattando il Titolare ai riferimenti indicati nella informativa privacy del sito.\u2028Hanno altres\u00ec, ricorrendone i presupposti, diritto di proporre reclamo al Garante per la protezione dei dati personali, quale autorit\u00e0 di controllo e diritto di ricorso all\u2019autorit\u00e0 giudiziaria.<\/p>\n<div class=\"portfolio-uber-wrapper eat-left-right\">\n<div id=\"portfolio-wrapper\" class=\"portfolio-wrapper layout-fixed size-medium isotope lazyload-active\">\n<div class=\"clear\"><\/div>\n<\/div>\n<\/div>\n<\/div>\n<\/div>\n<div class=\"clear\"><\/div>\n<\/div>\n<footer>\n<div class=\"container\">\n<div class=\"footer pad-left-right\">\n<div class=\"footer-widgets-column \">\n<div id=\"text-2\" class=\"footer-widget widget_text\">\n<div class=\"footer-widget-inner\">\n<div class=\"textwidget\">\n<div class=\"content-column one_third\">\n<div><\/div>\n<\/div>\n<\/div>\n<\/div>\n<\/div>\n<\/div>\n<\/div>\n<\/div>\n<\/footer>\n","protected":false},"excerpt":{"rendered":"<p>COSA SONO I COOKIE Un \u201ccookie\u201d \u00e8 un piccolo file di testo creato sul computer dell\u2019utente al momento in cui questo accede ad un determinato sito, con lo scopo di immagazzinare e trasportare informazioni. I cookie sono inviati da un server web (che \u00e8 il computer sul quale \u00e8 in esecuzione il sito web visitato)<\/p>\n<div class=\"text-left\"><a href=\"http:\/\/www.tommasoprugnola.it\/?page_id=317\" class=\"link-more\">Read More<\/a><\/div>\n","protected":false},"author":1,"featured_media":0,"parent":0,"menu_order":0,"comment_status":"closed","ping_status":"closed","template":"","meta":[],"_links":{"self":[{"href":"http:\/\/www.tommasoprugnola.it\/index.php?rest_route=\/wp\/v2\/pages\/317"}],"collection":[{"href":"http:\/\/www.tommasoprugnola.it\/index.php?rest_route=\/wp\/v2\/pages"}],"about":[{"href":"http:\/\/www.tommasoprugnola.it\/index.php?rest_route=\/wp\/v2\/types\/page"}],"author":[{"embeddable":true,"href":"http:\/\/www.tommasoprugnola.it\/index.php?rest_route=\/wp\/v2\/users\/1"}],"replies":[{"embeddable":true,"href":"http:\/\/www.tommasoprugnola.it\/index.php?rest_route=%2Fwp%2Fv2%2Fcomments&post=317"}],"version-history":[{"count":2,"href":"http:\/\/www.tommasoprugnola.it\/index.php?rest_route=\/wp\/v2\/pages\/317\/revisions"}],"predecessor-version":[{"id":319,"href":"http:\/\/www.tommasoprugnola.it\/index.php?rest_route=\/wp\/v2\/pages\/317\/revisions\/319"}],"wp:attachment":[{"href":"http:\/\/www.tommasoprugnola.it\/index.php?rest_route=%2Fwp%2Fv2%2Fmedia&parent=317"}],"curies":[{"name":"wp","href":"https:\/\/api.w.org\/{rel}","templated":true}]}}